{"id":337,"date":"2016-03-20T17:26:07","date_gmt":"2016-03-20T16:26:07","guid":{"rendered":"http:\/\/v2.e-ki-libre.fr\/?page_id=6"},"modified":"2022-09-30T13:06:15","modified_gmt":"2022-09-30T11:06:15","slug":"kinko-do","status":"publish","type":"page","link":"https:\/\/www.e-ki-libre.fr\/index.php\/kinko-do\/","title":{"rendered":"KINK\u00d4 D\u00d4"},"content":{"rendered":"<p>Le KINK\u00d4 D\u00d4 \u00ab\u00a0la voie de l&rsquo;\u00e9quilibre\u00a0\u00bb<\/p>\n<ul>\n<li>\n<p data-color=\"&quot;cmyk(0,0,0,0)&quot;\" data-size=\"{&quot;value&quot;:8.061}\"><strong data-color=\"&quot;cmyk(0,0,0,0)&quot;\" data-size=\"{&quot;value&quot;:8.061}\">Le <\/strong><strong data-color=\"&quot;cmyk(0,0,0,0)&quot;\" data-size=\"{&quot;value&quot;:11.06}\">KINK\u00d4 D\u00d4<\/strong><strong data-color=\"&quot;cmyk(0,0,0,0)&quot;\" data-size=\"{&quot;value&quot;:8.061}\"> trouve sa source dans les Principes des Arts Martiaux internes et externes.<\/strong><\/p>\n<p data-color=\"&quot;cmyk(0,0,0,0)&quot;\" data-size=\"{&quot;value&quot;:8.061}\"><strong data-color=\"&quot;cmyk(0,0,0,0)&quot;\" data-size=\"{&quot;value&quot;:8.061}\">La pratique du <\/strong><strong data-color=\"&quot;cmyk(0,0,0,0)&quot;\" data-size=\"{&quot;value&quot;:11.06}\">KINK\u00d4 D\u00d4<\/strong><strong data-color=\"&quot;cmyk(0,0,0,0)&quot;\" data-size=\"{&quot;value&quot;:8.061}\"> a pour objectif l\u2019am\u00e9lioration de la prise de conscience de notre corps dans ce qu\u2019il a de plus int\u00e9rieur. <\/strong><\/p>\n<p data-color=\"&quot;cmyk(0,0,0,0)&quot;\" data-size=\"{&quot;value&quot;:8.061}\"><strong data-color=\"&quot;cmyk(0,0,0,0)&quot;\" data-size=\"{&quot;value&quot;:8.061}\">Etre \u00e0 l\u2019\u00e9coute dans l\u2019instant de notre souffle, de notre ouverture corporelle, de notre axe et de notre mobilit\u00e9.<\/strong><\/p>\n<p data-color=\"&quot;cmyk(0,0,0,0)&quot;\" data-size=\"{&quot;value&quot;:8.061}\"><strong data-color=\"&quot;cmyk(0,0,0,0)&quot;\" data-size=\"{&quot;value&quot;:8.061}\">L\u2019un des grands atouts du <\/strong><strong data-color=\"&quot;cmyk(0,0,0,0)&quot;\" data-size=\"{&quot;value&quot;:11.06}\">KINK\u00d4 D\u00d4<\/strong><strong data-color=\"&quot;cmyk(0,0,0,0)&quot;\" data-size=\"{&quot;value&quot;:8.061}\"> est de pouvoir \u00eatre pratiqu\u00e9 par tous de 15 \u00e0 85 ans.<\/strong><\/p>\n<p data-color=\"&quot;cmyk(0,0,0,0)&quot;\" data-size=\"{&quot;value&quot;:8.061}\"><strong data-color=\"&quot;cmyk(0,0,0,0)&quot;\" data-size=\"{&quot;value&quot;:8.061}\">Que l\u2019on soit sportif ou non, vous avez envie de prendre soin de vous de g\u00e9rer vos \u00e9motions et votre stress de trouver de l&rsquo;apaisement dans votre vie, alors venez nous rejoindre !<\/strong><\/p>\n<p data-color=\"&quot;cmyk(0,0,0,0)&quot;\" data-size=\"{&quot;value&quot;:8.061}\"><strong data-color=\"&quot;cmyk(0,0,0,0)&quot;\" data-size=\"{&quot;value&quot;:8.061}\"> le <\/strong><strong data-color=\"&quot;cmyk(0,0,0,0)&quot;\" data-size=\"{&quot;value&quot;:11.06}\">KINK\u00d4 D\u00d4<\/strong><strong data-color=\"&quot;cmyk(0,0,0,0)&quot;\" data-size=\"{&quot;value&quot;:8.061}\"> va nourrir notre posture, notre respiration, notre mobilit\u00e9 et surtout notre rel\u00e2chement.<\/strong><\/p>\n<p data-color=\"&quot;cmyk(0,0,0,0)&quot;\" data-size=\"{&quot;value&quot;:8.061}\"><strong data-color=\"&quot;cmyk(0,0,0,0)&quot;\" data-size=\"{&quot;value&quot;:8.061}\">Le <\/strong><strong data-color=\"&quot;cmyk(0,0,0,0)&quot;\" data-size=\"{&quot;value&quot;:11.06}\">KINK\u00d4 D\u00d4<\/strong><strong data-color=\"&quot;cmyk(0,0,0,0)&quot;\" data-size=\"{&quot;value&quot;:8.061}\"> rassemble des Arts qui autrefois se compl\u00e9taient :<\/strong><\/p>\n<p data-color=\"&quot;cmyk(0,0,0,0)&quot;\" data-size=\"{&quot;value&quot;:8.061}\"><strong data-color=\"&quot;cmyk(0,0,0,0)&quot;\" data-size=\"{&quot;value&quot;:8.061}\">Le <\/strong><strong data-color=\"&quot;cmyk(0,0,0,0)&quot;\" data-size=\"{&quot;value&quot;:10.909}\">Qigong<\/strong><strong data-color=\"&quot;cmyk(0,0,0,0)&quot;\" data-size=\"{&quot;value&quot;:8.061}\"> Art de renforcement du souffle et de la Sant\u00e9; <\/strong><\/p>\n<p data-color=\"&quot;cmyk(0,0,0,0)&quot;\" data-size=\"{&quot;value&quot;:8.061}\"><strong data-color=\"&quot;cmyk(0,0,0,0)&quot;\" data-size=\"{&quot;value&quot;:8.061}\">La <\/strong><strong data-color=\"&quot;cmyk(0,0,0,0)&quot;\" data-size=\"{&quot;value&quot;:10.909}\">M\u00e9ditation<\/strong><strong data-color=\"&quot;cmyk(0,0,0,0)&quot;\" data-size=\"{&quot;value&quot;:8.061}\"> Art de la pleine conscience, de l\u2019\u00e9coute <\/strong><\/p>\n<p data-color=\"&quot;cmyk(0,0,0,0)&quot;\" data-size=\"{&quot;value&quot;:8.061}\"><strong data-color=\"&quot;cmyk(0,0,0,0)&quot;\" data-size=\"{&quot;value&quot;:8.061}\">int\u00e9rieure; <\/strong><\/p>\n<p data-color=\"&quot;cmyk(0,0,0,0)&quot;\" data-size=\"{&quot;value&quot;:8.061}\"><strong data-color=\"&quot;cmyk(0,0,0,0)&quot;\" data-size=\"{&quot;value&quot;:8.061}\">Les <\/strong><strong data-color=\"&quot;cmyk(0,0,0,0)&quot;\" data-size=\"{&quot;value&quot;:10.909}\">Etirements<\/strong><strong data-color=\"&quot;cmyk(0,0,0,0)&quot;\" data-size=\"{&quot;value&quot;:8.061}\"> pour conserver et renforcer la souplesse de notre corps; <\/strong><\/p>\n<p data-color=\"&quot;cmyk(0,0,0,0)&quot;\" data-size=\"{&quot;value&quot;:8.061}\"><strong data-color=\"&quot;cmyk(0,0,0,0)&quot;\" data-size=\"{&quot;value&quot;:8.061}\">Un <\/strong><strong data-color=\"&quot;cmyk(0,0,0,0)&quot;\" data-size=\"{&quot;value&quot;:10.909}\">Art Martial Pacifique de Sant\u00e9<\/strong><strong data-color=\"&quot;cmyk(0,0,0,0)&quot;\" data-size=\"{&quot;value&quot;:8.061}\">, dans la recherche de la fluidit\u00e9 et de la spontan\u00e9it\u00e9 dans le mouvement; <\/strong><\/p>\n<p data-color=\"&quot;cmyk(0,0,0,0)&quot;\" data-size=\"{&quot;value&quot;:8.061}\"><strong data-color=\"&quot;cmyk(0,0,0,0)&quot;\" data-size=\"{&quot;value&quot;:8.061}\">La <\/strong><strong data-color=\"&quot;cmyk(0,0,0,0)&quot;\" data-size=\"{&quot;value&quot;:11.06}\">Relaxation Cor\u00e9enne<\/strong><strong data-color=\"&quot;cmyk(0,0,0,0)&quot;\" data-size=\"{&quot;value&quot;:8.061}\"> sera pratiquer lors des s\u00e9ances Individuelles<\/strong><\/p>\n<\/li>\n<\/ul>\n","protected":false},"excerpt":{"rendered":"<p>Le KINK\u00d4 D\u00d4 \u00ab\u00a0la voie de l&rsquo;\u00e9quilibre\u00a0\u00bb Le KINK\u00d4 D\u00d4 trouve sa source dans les Principes des Arts Martiaux internes et externes. La pratique du KINK\u00d4 D\u00d4 a pour objectif l\u2019am\u00e9lioration de la prise de conscience de notre corps dans ce qu\u2019il a de plus int\u00e9rieur. Etre \u00e0 l\u2019\u00e9coute dans l\u2019instant de notre souffle, de &hellip; <a href=\"https:\/\/www.e-ki-libre.fr\/index.php\/kinko-do\/\" class=\"more-link\">Continuer la lecture<span class=\"screen-reader-text\"> de &laquo;&nbsp;KINK\u00d4 D\u00d4&nbsp;&raquo;<\/span><\/a><\/p>\n","protected":false},"author":2,"featured_media":539,"parent":0,"menu_order":0,"comment_status":"closed","ping_status":"closed","template":"","meta":{"footnotes":""},"class_list":["post-337","page","type-page","status-publish","has-post-thumbnail","hentry"],"_links":{"self":[{"href":"https:\/\/www.e-ki-libre.fr\/index.php\/wp-json\/wp\/v2\/pages\/337","targetHints":{"allow":["GET"]}}],"collection":[{"href":"https:\/\/www.e-ki-libre.fr\/index.php\/wp-json\/wp\/v2\/pages"}],"about":[{"href":"https:\/\/www.e-ki-libre.fr\/index.php\/wp-json\/wp\/v2\/types\/page"}],"author":[{"embeddable":true,"href":"https:\/\/www.e-ki-libre.fr\/index.php\/wp-json\/wp\/v2\/users\/2"}],"replies":[{"embeddable":true,"href":"https:\/\/www.e-ki-libre.fr\/index.php\/wp-json\/wp\/v2\/comments?post=337"}],"version-history":[{"count":4,"href":"https:\/\/www.e-ki-libre.fr\/index.php\/wp-json\/wp\/v2\/pages\/337\/revisions"}],"predecessor-version":[{"id":540,"href":"https:\/\/www.e-ki-libre.fr\/index.php\/wp-json\/wp\/v2\/pages\/337\/revisions\/540"}],"wp:featuredmedia":[{"embeddable":true,"href":"https:\/\/www.e-ki-libre.fr\/index.php\/wp-json\/wp\/v2\/media\/539"}],"wp:attachment":[{"href":"https:\/\/www.e-ki-libre.fr\/index.php\/wp-json\/wp\/v2\/media?parent=337"}],"curies":[{"name":"wp","href":"https:\/\/api.w.org\/{rel}","templated":true}]}}